{"id":40,"date":"2023-11-23T13:31:20","date_gmt":"2023-11-23T13:31:20","guid":{"rendered":"https:\/\/clubaerodesgarrigues.com\/index.php\/bleriot-xi-la-construction\/"},"modified":"2023-12-14T18:29:08","modified_gmt":"2023-12-14T18:29:08","slug":"bleriot-xi-la-construction","status":"publish","type":"page","link":"https:\/\/clubaerodesgarrigues.com\/index.php\/bleriot-xi-la-construction\/","title":{"rendered":"Bl\u00e9riot XI &#8211; la construction"},"content":{"rendered":"\t\t<div data-elementor-type=\"wp-page\" data-elementor-id=\"40\" class=\"elementor elementor-40\" data-elementor-post-type=\"page\">\n\t\t\t\t<div class=\"elementor-element elementor-element-1b00991b e-flex e-con-boxed e-con e-parent\" data-id=\"1b00991b\" data-element_type=\"container\" data-e-type=\"container\">\n\t\t\t\t\t<div class=\"e-con-inner\">\n\t\t\t\t<div class=\"elementor-element elementor-element-37735c63 elementor-widget elementor-widget-spacer\" data-id=\"37735c63\" data-element_type=\"widget\" data-e-type=\"widget\" data-widget_type=\"spacer.default\">\n\t\t\t\t<div class=\"elementor-widget-container\">\n\t\t\t\t\t\t\t<div class=\"elementor-spacer\">\n\t\t\t<div class=\"elementor-spacer-inner\"><\/div>\n\t\t<\/div>\n\t\t\t\t\t\t<\/div>\n\t\t\t\t<\/div>\n\t\t\t\t<div class=\"elementor-element elementor-element-75457f9e elementor-drop-cap-yes elementor-drop-cap-view-default elementor-widget elementor-widget-text-editor\" data-id=\"75457f9e\" data-element_type=\"widget\" data-e-type=\"widget\" data-settings=\"{&quot;drop_cap&quot;:&quot;yes&quot;}\" data-widget_type=\"text-editor.default\">\n\t\t\t\t<div class=\"elementor-widget-container\">\n\t\t\t\t\t\t\t\t\t<p>Au d\u00e9but de l&#8217;ann\u00e9e 2006, un groupe d&#8217;amateurs passionn\u00e9s fonde le Club A\u00e9ro des Garrigues. Leur objectif principal est de r\u00e9incarner le fameux meeting a\u00e9rien qui s&#8217;est d\u00e9roul\u00e9 le 12 juin 1912 \u00e0 Mandiargues. Lors de cet \u00e9v\u00e9nement, devant une foule de 6000 spectateurs, le Bl\u00e9riot XI a effectu\u00e9 son vol. Il s&#8217;agit du tout premier avion \u00e0 avoir travers\u00e9 la Manche en 1909, pilot\u00e9 par Louis Bl\u00e9riot en personne.<\/p><p>\u00c0 partir des plans obtenus des mus\u00e9es de l&#8217;air de Paris et de Washington (ce qui a g\u00e9n\u00e9r\u00e9 un premier casse-t\u00eate \u00e0 r\u00e9soudre : la conversion entre &#8220;pouces&#8221; et &#8220;centim\u00e8tres&#8221;), l&#8217;\u00e9quipe talentueuse de bricoleurs du Club A\u00e9ro a d\u00fb se mettre dans la peau des artisans de l&#8217;\u00e9poque. Leur mission \u00e9tait de d\u00e9crypter les formes \u00e0 partir des dessins, de d\u00e9voiler les fonctions cach\u00e9es de chaque composant et de trouver les mat\u00e9riaux appropri\u00e9s. Ils ont opt\u00e9 pour un fuselage en fr\u00eane de 15 ans, des tendeurs en laiton d&#8217;origine, des cordes de piano pour les tirants et de la toile des Vosges pour la voilure. Anim\u00e9s par leur qu\u00eate de perfection et leur d\u00e9sir de respecter au mieux l&#8217;authenticit\u00e9 de l&#8217;original, les constructeurs du Club A\u00e9ro des Garrigues peuvent aujourd&#8217;hui \u00eatre fiers de leur chef-d&#8217;\u0153uvre. Leur r\u00e9plique est non seulement solide et l\u00e9g\u00e8re, mais aussi d&#8217;une authenticit\u00e9 telle que G\u00e9rard FARMAN s&#8217;est exclam\u00e9 : &#8220;La finition de cette r\u00e9plique est encore plus soign\u00e9e que celle d&#8217;un original&#8221;.<\/p><p>N\u00e9anmoins, un dernier d\u00e9fi se dresse devant eux : trouver un moteur ANZANI 3 cylindres pour compl\u00e9ter le projet.<\/p>\t\t\t\t\t\t\t\t<\/div>\n\t\t\t\t<\/div>\n\t\t\t\t<div class=\"elementor-element elementor-element-7ee5224e elementor-widget elementor-widget-spacer\" data-id=\"7ee5224e\" data-element_type=\"widget\" data-e-type=\"widget\" data-widget_type=\"spacer.default\">\n\t\t\t\t<div class=\"elementor-widget-container\">\n\t\t\t\t\t\t\t<div class=\"elementor-spacer\">\n\t\t\t<div class=\"elementor-spacer-inner\"><\/div>\n\t\t<\/div>\n\t\t\t\t\t\t<\/div>\n\t\t\t\t<\/div>\n\t\t\t\t<div class=\"elementor-element elementor-element-70cc9575 elementor-widget elementor-widget-text-editor\" data-id=\"70cc9575\" data-element_type=\"widget\" data-e-type=\"widget\" data-widget_type=\"text-editor.default\">\n\t\t\t\t<div class=\"elementor-widget-container\">\n\t\t\t\t\t\t\t\t\t<p>Lorsque la construction de cette r\u00e9plique a d\u00e9but\u00e9, l&#8217;\u00e9quipe \u00e9tait constitu\u00e9e de professionnels. Cependant, aucun d&#8217;entre eux ne poss\u00e9dait de connaissances a\u00e9ronautiques. Malgr\u00e9 cela, ils ont brillamment r\u00e9ussi \u00e0 mener \u00e0 bien leur mission.\u00a0<\/p>\t\t\t\t\t\t\t\t<\/div>\n\t\t\t\t<\/div>\n\t\t\t\t<div class=\"elementor-element elementor-element-4fce7732 elementor-widget elementor-widget-text-editor\" data-id=\"4fce7732\" data-element_type=\"widget\" data-e-type=\"widget\" data-widget_type=\"text-editor.default\">\n\t\t\t\t<div class=\"elementor-widget-container\">\n\t\t\t\t\t\t\t\t\t<p>Apr\u00e8s une premi\u00e8re motorisation \u2018moderne\u2019, le Club obtient de M. Lazlo une r\u00e9plique du moteur Anzani qui sera install\u00e9e \u00e0 la place!<\/p>\t\t\t\t\t\t\t\t<\/div>\n\t\t\t\t<\/div>\n\t\t\t\t<div class=\"elementor-element elementor-element-4c91bf44 elementor-widget elementor-widget-video\" data-id=\"4c91bf44\" data-element_type=\"widget\" data-e-type=\"widget\" data-settings=\"{&quot;video_type&quot;:&quot;hosted&quot;,&quot;controls&quot;:&quot;yes&quot;}\" data-widget_type=\"video.default\">\n\t\t\t\t<div class=\"elementor-widget-container\">\n\t\t\t\t\t\t\t<div class=\"e-hosted-video elementor-wrapper elementor-open-inline\">\n\t\t\t\t\t<video class=\"elementor-video\" src=\"https:\/\/clubaerodesgarrigues.com\/wp-content\/uploads\/2019\/demarrage.mp4\" controls=\"\" preload=\"metadata\" controlsList=\"nodownload\"><\/video>\n\t\t\t\t<\/div>\n\t\t\t\t\t\t<\/div>\n\t\t\t\t<\/div>\n\t\t\t\t\t<\/div>\n\t\t\t\t<\/div>\n\t\t\t\t<\/div>\n\t\t","protected":false},"excerpt":{"rendered":"<p>Au d\u00e9but de l&#8217;ann\u00e9e 2006, un groupe d&#8217;amateurs passionn\u00e9s fonde le Club A\u00e9ro des Garrigues. Leur objectif principal est de r\u00e9incarner le fameux meeting a\u00e9rien qui s&#8217;est d\u00e9roul\u00e9 le 12 juin 1912 \u00e0 Mandiargues. Lors de cet \u00e9v\u00e9nement, devant une foule de 6000 spectateurs, le Bl\u00e9riot XI a effectu\u00e9 son vol. Il s&#8217;agit du tout [&hellip;]<\/p>\n","protected":false},"author":1,"featured_media":0,"parent":0,"menu_order":0,"comment_status":"closed","ping_status":"closed","template":"","meta":{"_acf_changed":false,"site-sidebar-layout":"no-sidebar","site-content-layout":"page-builder","ast-site-content-layout":"default","site-content-style":"default","site-sidebar-style":"default","ast-global-header-display":"disabled","ast-banner-title-visibility":"disabled","ast-main-header-display":"","ast-hfb-above-header-display":"","ast-hfb-below-header-display":"","ast-hfb-mobile-header-display":"","site-post-title":"disabled","ast-breadcrumbs-content":"","ast-featured-img":"disabled","footer-sml-layout":"disabled","ast-disable-related-posts":"","theme-transparent-header-meta":"","adv-header-id-meta":"","stick-header-meta":"","header-above-stick-meta":"","header-main-stick-meta":"","header-below-stick-meta":"","astra-migrate-meta-layouts":"","ast-page-background-enabled":"default","ast-page-background-meta":{"desktop":{"background-color":"var(--ast-global-color-4)","background-image":"","background-repeat":"repeat","background-position":"center center","background-size":"auto","background-attachment":"scroll","background-type":"","background-media":"","overlay-type":"","overlay-color":"","overlay-opacity":"","overlay-gradient":""},"tablet":{"background-color":"","background-image":"","background-repeat":"repeat","background-position":"center center","background-size":"auto","background-attachment":"scroll","background-type":"","background-media":"","overlay-type":"","overlay-color":"","overlay-opacity":"","overlay-gradient":""},"mobile":{"background-color":"","background-image":"","background-repeat":"repeat","background-position":"center center","background-size":"auto","background-attachment":"scroll","background-type":"","background-media":"","overlay-type":"","overlay-color":"","overlay-opacity":"","overlay-gradient":""}},"ast-content-background-meta":{"desktop":{"background-color":"var(--ast-global-color-5)","background-image":"","background-repeat":"repeat","background-position":"center center","background-size":"auto","background-attachment":"scroll","background-type":"","background-media":"","overlay-type":"","overlay-color":"","overlay-opacity":"","overlay-gradient":""},"tablet":{"background-color":"var(--ast-global-color-5)","background-image":"","background-repeat":"repeat","background-position":"center center","background-size":"auto","background-attachment":"scroll","background-type":"","background-media":"","overlay-type":"","overlay-color":"","overlay-opacity":"","overlay-gradient":""},"mobile":{"background-color":"var(--ast-global-color-5)","background-image":"","background-repeat":"repeat","background-position":"center center","background-size":"auto","background-attachment":"scroll","background-type":"","background-media":"","overlay-type":"","overlay-color":"","overlay-opacity":"","overlay-gradient":""}},"footnotes":""},"class_list":["post-40","page","type-page","status-publish","hentry"],"acf":[],"_links":{"self":[{"href":"https:\/\/clubaerodesgarrigues.com\/index.php\/wp-json\/wp\/v2\/pages\/40","targetHints":{"allow":["GET"]}}],"collection":[{"href":"https:\/\/clubaerodesgarrigues.com\/index.php\/wp-json\/wp\/v2\/pages"}],"about":[{"href":"https:\/\/clubaerodesgarrigues.com\/index.php\/wp-json\/wp\/v2\/types\/page"}],"author":[{"embeddable":true,"href":"https:\/\/clubaerodesgarrigues.com\/index.php\/wp-json\/wp\/v2\/users\/1"}],"replies":[{"embeddable":true,"href":"https:\/\/clubaerodesgarrigues.com\/index.php\/wp-json\/wp\/v2\/comments?post=40"}],"version-history":[{"count":14,"href":"https:\/\/clubaerodesgarrigues.com\/index.php\/wp-json\/wp\/v2\/pages\/40\/revisions"}],"predecessor-version":[{"id":508,"href":"https:\/\/clubaerodesgarrigues.com\/index.php\/wp-json\/wp\/v2\/pages\/40\/revisions\/508"}],"wp:attachment":[{"href":"https:\/\/clubaerodesgarrigues.com\/index.php\/wp-json\/wp\/v2\/media?parent=40"}],"curies":[{"name":"wp","href":"https:\/\/api.w.org\/{rel}","templated":true}]}}