{"id":330,"date":"2023-12-02T12:27:26","date_gmt":"2023-12-02T12:27:26","guid":{"rendered":"https:\/\/clubaerodesgarrigues.com\/?page_id=330"},"modified":"2024-02-24T11:29:44","modified_gmt":"2024-02-24T11:29:44","slug":"welcome-on-board","status":"publish","type":"page","link":"https:\/\/clubaerodesgarrigues.com\/","title":{"rendered":"Welcome on board"},"content":{"rendered":"\t\t<div data-elementor-type=\"wp-page\" data-elementor-id=\"330\" class=\"elementor elementor-330\" data-elementor-post-type=\"page\">\n\t\t\t\t<div class=\"elementor-element elementor-element-2f0fd4c e-flex e-con-boxed e-con e-parent\" data-id=\"2f0fd4c\" data-element_type=\"container\" data-e-type=\"container\">\n\t\t\t\t\t<div class=\"e-con-inner\">\n\t\t\t\t<div class=\"elementor-element elementor-element-ded8a5a elementor-cta--layout-image-above elementor-cta--mobile-layout-image-above elementor-cta--tablet-layout-image-above elementor-cta--skin-classic elementor-animated-content elementor-bg-transform elementor-bg-transform-zoom-in elementor-widget elementor-widget-call-to-action\" data-id=\"ded8a5a\" data-element_type=\"widget\" data-e-type=\"widget\" data-widget_type=\"call-to-action.default\">\n\t\t\t\t<div class=\"elementor-widget-container\">\n\t\t\t\t\t\t\t<div class=\"elementor-cta\">\n\t\t\t\t\t<div class=\"elementor-cta__bg-wrapper\">\n\t\t\t\t<div class=\"elementor-cta__bg elementor-bg\" style=\"background-image: url(https:\/\/clubaerodesgarrigues.com\/wp-content\/uploads\/2023\/12\/Unknown-scaled-1.jpeg);\" role=\"img\" aria-label=\"Unknown-scaled.jpeg\"><\/div>\n\t\t\t\t<div class=\"elementor-cta__bg-overlay\"><\/div>\n\t\t\t<\/div>\n\t\t\t\t\t\t\t<div class=\"elementor-cta__content\">\n\t\t\t\t\n\t\t\t\t\t\t\t\t\t<h2 class=\"elementor-cta__title elementor-cta__content-item elementor-content-item\">\n\t\t\t\t\t\t Association d'int\u00e9r\u00eat g\u00e9n\u00e9ral\u200b\t\t\t\t\t<\/h2>\n\t\t\t\t\n\t\t\t\t\t\t\t\t\t<div class=\"elementor-cta__description elementor-cta__content-item elementor-content-item\">\n\t\t\t\t\t\tEn 2006, un groupe d'amateurs passionn\u00e9s a fond\u00e9 le Club A\u00e9ro des Garrigues. Leur mission ? Faire revivre le l\u00e9gendaire spectacle a\u00e9rien du 12 juin 1912, qui a vu le d\u00e9collage du Bl\u00e9riot XI devant une foule de 6 000 personnes \u00e0 Mandiargues. Il s'agissait du m\u00eame avion que Louis Bl\u00e9riot a pilot\u00e9 lors du premier vol transmanche en 1909. Avec des plans provenant des mus\u00e9es a\u00e9riens de Paris et de Washington (ce qui implique de convertir des mesures de pouces en centim\u00e8tres), l'\u00e9quipe de bricoleurs ing\u00e9nieux du Club A\u00e9ro a d\u00fb se mettre dans la peau des artisans de l'\u00e9poque pour interpr\u00e9ter les dessins, identifier l'objectif de chaque pi\u00e8ce et se procurer les mat\u00e9riaux appropri\u00e9s. Ils ont utilis\u00e9 un fr\u00eane de 15 ans pour le ch\u00e2ssis, du laiton pour les entretoises, corde \u00e0 piano pour les gabarits et du tissu de la r\u00e9gion des Vosges pour les ailes. Ces individus inspir\u00e9s ont honor\u00e9 l'histoire de l'aviation en recr\u00e9ant le pass\u00e9 avec passion et d\u00e9vouement.\t\t\t\t\t<\/div>\n\t\t\t\t\n\t\t\t\t\t\t\t<\/div>\n\t\t\t\t\t\t<\/div>\n\t\t\t\t\t\t<\/div>\n\t\t\t\t<\/div>\n\t\t\t\t<div class=\"elementor-element elementor-element-5a9dc53 elementor-cta--layout-image-right elementor-cta--mobile-layout-image-above elementor-cta--tablet-layout-image-above elementor-cta--skin-classic elementor-animated-content elementor-bg-transform elementor-bg-transform-zoom-in elementor-widget elementor-widget-call-to-action\" data-id=\"5a9dc53\" data-element_type=\"widget\" data-e-type=\"widget\" data-widget_type=\"call-to-action.default\">\n\t\t\t\t<div class=\"elementor-widget-container\">\n\t\t\t\t\t\t\t<div class=\"elementor-cta\">\n\t\t\t\t\t<div class=\"elementor-cta__bg-wrapper\">\n\t\t\t\t<div class=\"elementor-cta__bg elementor-bg\" style=\"background-image: url(https:\/\/clubaerodesgarrigues.com\/wp-content\/uploads\/2023\/12\/carteMeeting-1-1024x650-1.jpg);\" role=\"img\" aria-label=\"carteMeeting-1-1024x650-1.jpg\"><\/div>\n\t\t\t\t<div class=\"elementor-cta__bg-overlay\"><\/div>\n\t\t\t<\/div>\n\t\t\t\t\t\t\t<div class=\"elementor-cta__content\">\n\t\t\t\t\n\t\t\t\t\t\t\t\t\t<h2 class=\"elementor-cta__title elementor-cta__content-item elementor-content-item\">\n\t\t\t\t\t\tLa gen\u00e8se\t\t\t\t\t<\/h2>\n\t\t\t\t\n\t\t\t\t\t\t\t\t\t<div class=\"elementor-cta__description elementor-cta__content-item elementor-content-item\">\n\t\t\t\t\t\tEn 1912, les cieux de Saint Hippolyte-du-Fort \u00e9taient propices  pour des r\u00e9alisations remarquables des pionniers de l'aviation. Leurs r\u00e9alisations incroyables ont engendr\u00e9 une passion chez ceux qui se sont rassembl\u00e9s en tant que \"Comit\u00e9 d'Aviation des C\u00e9vennes\", pr\u00e9sid\u00e9 par le l\u00e9gendaire Ma\u00eetre Elie Coularou, grand-p\u00e8re de Pascal. Par la c\u00e9l\u00e9bration des premi\u00e8res \"f\u00eates d'aviation\", ils ont cr\u00e9\u00e9 un beau m\u00e9lange de festivit\u00e9s populaires, de feux d'artifice, de danses et de jeux, tous organis\u00e9s autour de l'a\u00e9rodrome des Batailles du 15 au 17 juin 1912. Ces premiers aviateurs, connus sous le nom de \"faucheurs de marguerites\", ont inspir\u00e9 et impressionn\u00e9 la foule gr\u00e2ce \u00e0 leurs comp\u00e9tences remarquables. Paul Hanouille avec son Bl\u00e9riot et Ren\u00e9 Duval avec son Caudron \u00e9taient les champions de l'\u00e9poque. Que ces c\u00e9l\u00e9brations nous rappellent que nous pouvons r\u00e9aliser tout ce que nous mettons dans notre c\u0153ur et notre \u00e2me.\t\t\t\t\t<\/div>\n\t\t\t\t\n\t\t\t\t\t\t\t<\/div>\n\t\t\t\t\t\t<\/div>\n\t\t\t\t\t\t<\/div>\n\t\t\t\t<\/div>\n\t\t\t\t<div class=\"elementor-element elementor-element-7d656cf elementor-cta--layout-image-above elementor-cta--mobile-layout-image-above elementor-cta--tablet-layout-image-above elementor-cta--skin-classic elementor-animated-content elementor-bg-transform elementor-bg-transform-zoom-in elementor-widget elementor-widget-call-to-action\" data-id=\"7d656cf\" data-element_type=\"widget\" data-e-type=\"widget\" data-widget_type=\"call-to-action.default\">\n\t\t\t\t<div class=\"elementor-widget-container\">\n\t\t\t\t\t\t\t<div class=\"elementor-cta\">\n\t\t\t\t\t<div class=\"elementor-cta__bg-wrapper\">\n\t\t\t\t<div class=\"elementor-cta__bg elementor-bg\" style=\"background-image: url(https:\/\/clubaerodesgarrigues.com\/wp-content\/uploads\/2023\/12\/Demoiselle-742-e1687277483263.png);\" role=\"img\" aria-label=\"Demoiselle-742-e1687277483263.png\"><\/div>\n\t\t\t\t<div class=\"elementor-cta__bg-overlay\"><\/div>\n\t\t\t<\/div>\n\t\t\t\t\t\t\t<div class=\"elementor-cta__content\">\n\t\t\t\t\n\t\t\t\t\t\t\t\t\t<h2 class=\"elementor-cta__title elementor-cta__content-item elementor-content-item\">\n\t\t\t\t\t\tFaire voler une \"DEMOISELLE\" comme en 1907, voil\u00e0 notre ambition\t\t\t\t\t<\/h2>\n\t\t\t\t\n\t\t\t\t\t\t\t\t\t<div class=\"elementor-cta__description elementor-cta__content-item elementor-content-item\">\n\t\t\t\t\t\tNous sommes fiers d'annoncer que nous sommes en train de reconstruire un v\u00e9ritable joyau historique, la Demoiselle. Il s'agit d'une invention de Alberto Santos Dumont,  connue pour \u00eatre l'anc\u00eatre des avions ultra-l\u00e9gers. Notre \u00e9quipe travaille sans rel\u00e2che pour construire une r\u00e9plique op\u00e9rationnelle parfaitement fid\u00e8le \u00e0 l'originale, la \u00ab Demoiselle n\u00b0 21 \u00bb. Nous sommes convaincus que cette a\u00e9roplane  sera un v\u00e9ritable succ\u00e8s. Nous sommes d\u00e9termin\u00e9s \u00e0 faire revivre ce moment historique incroyablement important de 1907. Bien que nous ne soyons pas en mesure d'avoir une r\u00e9plique de l'\u00e9poque compl\u00e8tement op\u00e9rationnelle, nous sommes anim\u00e9s par le d\u00e9sir de cr\u00e9er une version parfaitement ex\u00e9cut\u00e9e, \u00e0 partir des mat\u00e9riaux les plus fiables. Nous sommes impatients de partager cette aventure incroyable avec vous et de vous donner la chance de d\u00e9couvrir cette merveille d'un autre temps. Rejoignez-nous pour cette exp\u00e9rience unique et passionnante !\t\t\t\t\t<\/div>\n\t\t\t\t\n\t\t\t\t\t\t\t<\/div>\n\t\t\t\t\t\t<\/div>\n\t\t\t\t\t\t<\/div>\n\t\t\t\t<\/div>\n\t\t\t\t\t<\/div>\n\t\t\t\t<\/div>\n\t\t\t\t<\/div>\n\t\t","protected":false},"excerpt":{"rendered":"<p>Association d&#8217;int\u00e9r\u00eat g\u00e9n\u00e9ral\u200b En 2006, un groupe d&#8217;amateurs passionn\u00e9s a fond\u00e9 le Club A\u00e9ro des Garrigues. Leur mission ? Faire revivre le l\u00e9gendaire spectacle a\u00e9rien du 12 juin 1912, qui a vu le d\u00e9collage du Bl\u00e9riot XI devant une foule de 6 000 personnes \u00e0 Mandiargues. Il s&#8217;agissait du m\u00eame avion que Louis Bl\u00e9riot a [&hellip;]<\/p>\n","protected":false},"author":1,"featured_media":0,"parent":0,"menu_order":0,"comment_status":"closed","ping_status":"closed","template":"","meta":{"_acf_changed":false,"site-sidebar-layout":"no-sidebar","site-content-layout":"","ast-site-content-layout":"full-width-container","site-content-style":"default","site-sidebar-style":"default","ast-global-header-display":"disabled","ast-banner-title-visibility":"disabled","ast-main-header-display":"","ast-hfb-above-header-display":"","ast-hfb-below-header-display":"","ast-hfb-mobile-header-display":"","site-post-title":"disabled","ast-breadcrumbs-content":"","ast-featured-img":"disabled","footer-sml-layout":"disabled","ast-disable-related-posts":"","theme-transparent-header-meta":"","adv-header-id-meta":"","stick-header-meta":"","header-above-stick-meta":"","header-main-stick-meta":"","header-below-stick-meta":"","astra-migrate-meta-layouts":"","ast-page-background-enabled":"default","ast-page-background-meta":{"desktop":{"background-color":"var(--ast-global-color-4)","background-image":"","background-repeat":"repeat","background-position":"center center","background-size":"auto","background-attachment":"scroll","background-type":"","background-media":"","overlay-type":"","overlay-color":"","overlay-opacity":"","overlay-gradient":""},"tablet":{"background-color":"","background-image":"","background-repeat":"repeat","background-position":"center center","background-size":"auto","background-attachment":"scroll","background-type":"","background-media":"","overlay-type":"","overlay-color":"","overlay-opacity":"","overlay-gradient":""},"mobile":{"background-color":"","background-image":"","background-repeat":"repeat","background-position":"center center","background-size":"auto","background-attachment":"scroll","background-type":"","background-media":"","overlay-type":"","overlay-color":"","overlay-opacity":"","overlay-gradient":""}},"ast-content-background-meta":{"desktop":{"background-color":"var(--ast-global-color-5)","background-image":"","background-repeat":"repeat","background-position":"center center","background-size":"auto","background-attachment":"scroll","background-type":"","background-media":"","overlay-type":"","overlay-color":"","overlay-opacity":"","overlay-gradient":""},"tablet":{"background-color":"var(--ast-global-color-5)","background-image":"","background-repeat":"repeat","background-position":"center center","background-size":"auto","background-attachment":"scroll","background-type":"","background-media":"","overlay-type":"","overlay-color":"","overlay-opacity":"","overlay-gradient":""},"mobile":{"background-color":"var(--ast-global-color-5)","background-image":"","background-repeat":"repeat","background-position":"center center","background-size":"auto","background-attachment":"scroll","background-type":"","background-media":"","overlay-type":"","overlay-color":"","overlay-opacity":"","overlay-gradient":""}},"footnotes":""},"class_list":["post-330","page","type-page","status-publish","hentry"],"acf":[],"_links":{"self":[{"href":"https:\/\/clubaerodesgarrigues.com\/index.php\/wp-json\/wp\/v2\/pages\/330","targetHints":{"allow":["GET"]}}],"collection":[{"href":"https:\/\/clubaerodesgarrigues.com\/index.php\/wp-json\/wp\/v2\/pages"}],"about":[{"href":"https:\/\/clubaerodesgarrigues.com\/index.php\/wp-json\/wp\/v2\/types\/page"}],"author":[{"embeddable":true,"href":"https:\/\/clubaerodesgarrigues.com\/index.php\/wp-json\/wp\/v2\/users\/1"}],"replies":[{"embeddable":true,"href":"https:\/\/clubaerodesgarrigues.com\/index.php\/wp-json\/wp\/v2\/comments?post=330"}],"version-history":[{"count":45,"href":"https:\/\/clubaerodesgarrigues.com\/index.php\/wp-json\/wp\/v2\/pages\/330\/revisions"}],"predecessor-version":[{"id":556,"href":"https:\/\/clubaerodesgarrigues.com\/index.php\/wp-json\/wp\/v2\/pages\/330\/revisions\/556"}],"wp:attachment":[{"href":"https:\/\/clubaerodesgarrigues.com\/index.php\/wp-json\/wp\/v2\/media?parent=330"}],"curies":[{"name":"wp","href":"https:\/\/api.w.org\/{rel}","templated":true}]}}