{"id":25,"date":"2023-11-23T13:31:19","date_gmt":"2023-11-23T13:31:19","guid":{"rendered":"https:\/\/clubaerodesgarrigues.com\/index.php\/evolution-du-club\/"},"modified":"2023-12-14T17:36:12","modified_gmt":"2023-12-14T17:36:12","slug":"evolution-du-club","status":"publish","type":"page","link":"https:\/\/clubaerodesgarrigues.com\/index.php\/evolution-du-club\/","title":{"rendered":"Evolution du club"},"content":{"rendered":"\t\t<div data-elementor-type=\"wp-page\" data-elementor-id=\"25\" class=\"elementor elementor-25\" data-elementor-post-type=\"page\">\n\t\t\t\t<div class=\"elementor-element elementor-element-5bbbd1b0 e-flex e-con-boxed e-con e-parent\" data-id=\"5bbbd1b0\" data-element_type=\"container\" data-e-type=\"container\">\n\t\t\t\t\t<div class=\"e-con-inner\">\n\t\t\t\t<div class=\"elementor-element elementor-element-86f6034 elementor-cta--skin-classic elementor-animated-content elementor-widget elementor-widget-call-to-action\" data-id=\"86f6034\" data-element_type=\"widget\" data-e-type=\"widget\" data-widget_type=\"call-to-action.default\">\n\t\t\t\t<div class=\"elementor-widget-container\">\n\t\t\t\t\t\t\t<div class=\"elementor-cta\">\n\t\t\t\t\t<div class=\"elementor-cta__bg-wrapper\">\n\t\t\t\t<div class=\"elementor-cta__bg elementor-bg\" style=\"background-image: url(https:\/\/clubaerodesgarrigues.com\/wp-content\/uploads\/2023\/11\/Demoiselle-1024x501-1.jpg);\" role=\"img\" aria-label=\"Demoiselle-1024x501\"><\/div>\n\t\t\t\t<div class=\"elementor-cta__bg-overlay\"><\/div>\n\t\t\t<\/div>\n\t\t\t\t\t\t\t<div class=\"elementor-cta__content\">\n\t\t\t\t\n\t\t\t\t\n\t\t\t\t\t\t\t\t\t<div class=\"elementor-cta__description elementor-cta__content-item elementor-content-item\">\n\t\t\t\t\t\tLes c\u00e9l\u00e9brations du centenaire \u00e0 Bl\u00e9riot-Plage en 2009 ont comm\u00e9mor\u00e9 le vol historique de Louis Bl\u00e9riot \u00e0 travers la Manche en 1909. Cette performance remarquable a fait entrer Bl\u00e9riot dans l'histoire comme la premi\u00e8re personne \u00e0 avoir vol\u00e9 \u00e0 travers la Manche.\t\t\t\t\t<\/div>\n\t\t\t\t\n\t\t\t\t\t\t\t\t\t<div class=\"elementor-cta__button-wrapper elementor-cta__content-item elementor-content-item \">\n\t\t\t\t\t<a class=\"elementor-cta__button elementor-button elementor-size-\" href=\"https:\/\/www.youtube.com\/watch?v=cOJl2JphFl0\">\n\t\t\t\t\t\tVoir la video originale \t\t\t\t\t<\/a>\n\t\t\t\t\t<\/div>\n\t\t\t\t\t\t\t<\/div>\n\t\t\t\t\t\t<\/div>\n\t\t\t\t\t\t<\/div>\n\t\t\t\t<\/div>\n\t\t\t\t<div class=\"elementor-element elementor-element-2f86aba elementor-cta--layout-image-left elementor-cta--skin-classic elementor-animated-content elementor-bg-transform elementor-bg-transform-zoom-in elementor-widget elementor-widget-call-to-action\" data-id=\"2f86aba\" data-element_type=\"widget\" data-e-type=\"widget\" data-widget_type=\"call-to-action.default\">\n\t\t\t\t<div class=\"elementor-widget-container\">\n\t\t\t\t\t\t\t<div class=\"elementor-cta\">\n\t\t\t\t\t<div class=\"elementor-cta__bg-wrapper\">\n\t\t\t\t<div class=\"elementor-cta__bg elementor-bg\" style=\"background-image: url(https:\/\/clubaerodesgarrigues.com\/wp-content\/plugins\/elementor\/assets\/images\/placeholder.png);\" role=\"img\" aria-label=\"\"><\/div>\n\t\t\t\t<div class=\"elementor-cta__bg-overlay\"><\/div>\n\t\t\t<\/div>\n\t\t\t\t\t\t\t<div class=\"elementor-cta__content\">\n\t\t\t\t\n\t\t\t\t\n\t\t\t\t\t\t\t\t\t<div class=\"elementor-cta__description elementor-cta__content-item elementor-content-item\">\n\t\t\t\t\t\tLe Club A\u00e9ro des Garrigues a particip\u00e9 \u00e0 de nombreux \u00e9v\u00e9nements organis\u00e9s de chaque c\u00f4t\u00e9 de la Manche, y compris des salons a\u00e9riens et des travers\u00e9es anniversaires. Le principal objectif du Club \u00e9tait de pr\u00e9senter son avion et de nouer des contacts nationaux et internationaux en vue de la pr\u00e9paration du salon a\u00e9ro de Saint-Hippolyte-du-Fort en 2012.\n\nLe succ\u00e8s de ces festivit\u00e9s a motiv\u00e9 le Club \u00e0 inspirer la jeunesse cigaloise en revivant les grands moments de l'histoire de l'aviation de la ville. Leur dernier projet implique la construction d'une petite piste d'atterrissage dans la zone de Batailles, o\u00f9 le premier \"festival de l'aviation\" a \u00e9t\u00e9 organis\u00e9, afin de permettre aux amateurs de faire des vols en planeur.\t\t\t\t\t<\/div>\n\t\t\t\t\n\t\t\t\t\t\t\t<\/div>\n\t\t\t\t\t\t<\/div>\n\t\t\t\t\t\t<\/div>\n\t\t\t\t<\/div>\n\t\t\t\t<div class=\"elementor-element elementor-element-4c6f236 elementor-cta--layout-image-right elementor-cta--skin-classic elementor-animated-content elementor-bg-transform elementor-bg-transform-zoom-in elementor-widget elementor-widget-call-to-action\" data-id=\"4c6f236\" data-element_type=\"widget\" data-e-type=\"widget\" data-widget_type=\"call-to-action.default\">\n\t\t\t\t<div class=\"elementor-widget-container\">\n\t\t\t\t\t\t\t<div class=\"elementor-cta\">\n\t\t\t\t\t<div class=\"elementor-cta__bg-wrapper\">\n\t\t\t\t<div class=\"elementor-cta__bg elementor-bg\" style=\"background-image: url(https:\/\/clubaerodesgarrigues.com\/wp-content\/plugins\/elementor\/assets\/images\/placeholder.png);\" role=\"img\" aria-label=\"\"><\/div>\n\t\t\t\t<div class=\"elementor-cta__bg-overlay\"><\/div>\n\t\t\t<\/div>\n\t\t\t\t\t\t\t<div class=\"elementor-cta__content\">\n\t\t\t\t\n\t\t\t\t\n\t\t\t\t\t\t\t\t\t<div class=\"elementor-cta__description elementor-cta__content-item elementor-content-item\">\n\t\t\t\t\t\tD'autres id\u00e9es pour l'avenir incluent l'\u00e9tablissement d'un mus\u00e9e de l'aviation en mod\u00e8le r\u00e9duit ou l'organisation d'un \u00e9v\u00e9nement a\u00e9ronautique significatif. Le nouveau projet du Club implique la construction d'une r\u00e9plique exacte du \"Demoiselle\", l'avion volant d'Alberto Santos-Dumont.\n\nLe Club A\u00e9ro des Garrigues a particip\u00e9 \u00e0 de nombreux \u00e9v\u00e9nements organis\u00e9s de chaque c\u00f4t\u00e9 de la Manche, y compris des salons a\u00e9riens et des travers\u00e9es anniversaires. Le principal objectif du Club \u00e9tait de pr\u00e9senter leurs avions et de nouer des contacts nationaux et internationaux en vue de la pr\u00e9paration du salon a\u00e9ro de Saint-Hippolyte-du-Fort en 2012.\t\t\t\t\t<\/div>\n\t\t\t\t\n\t\t\t\t\t\t\t<\/div>\n\t\t\t\t\t\t<\/div>\n\t\t\t\t\t\t<\/div>\n\t\t\t\t<\/div>\n\t\t\t\t<div class=\"elementor-element elementor-element-5f64e10 content-align-cta-default elementor-widget elementor-widget-eael-cta-box\" data-id=\"5f64e10\" data-element_type=\"widget\" data-e-type=\"widget\" data-widget_type=\"eael-cta-box.default\">\n\t\t\t\t<div class=\"elementor-widget-container\">\n\t\t\t\t\t\t\t<div class=\"eael-call-to-action cta-basic bg-lite cta-preset-1\">\n        <p>Le succ\u00e8s de ces festivit\u00e9s a motiv\u00e9 le Club \u00e0 inspirer la jeunesse cigaloise en revivant les grands moments de l'histoire de l'aviation de la ville. Leur dernier projet implique la construction d'une petite piste d'atterrissage dans la zone de Batailles, o\u00f9 le premier \"festival de l'aviation\" a \u00e9t\u00e9 organis\u00e9, afin de permettre aux amateurs de faire des vols en planeur.<\/p><p>D'autres id\u00e9es pour l'avenir incluent l'\u00e9tablissement d'un mus\u00e9e de l'aviation en mod\u00e8le r\u00e9duit ou l'organisation d'un \u00e9v\u00e9nement a\u00e9ronautique significatif. Le nouveau projet du Club implique la construction d'une r\u00e9plique exacte du \"Demoiselle\", l'avion volant d'Alberto Santos-Dumont.<\/p><a href=\"#\" class=\"cta-button cta-preset-1  \"><\/a>\t<\/div>\n\t\t\t\t\t\t\t\t<\/div>\n\t\t\t\t<\/div>\n\t\t\t\t\t<\/div>\n\t\t\t\t<\/div>\n\t\t\t\t<\/div>\n\t\t","protected":false},"excerpt":{"rendered":"<p>Les c\u00e9l\u00e9brations du centenaire \u00e0 Bl\u00e9riot-Plage en 2009 ont comm\u00e9mor\u00e9 le vol historique de Louis Bl\u00e9riot \u00e0 travers la Manche en 1909. Cette performance remarquable a fait entrer Bl\u00e9riot dans l&#8217;histoire comme la premi\u00e8re personne \u00e0 avoir vol\u00e9 \u00e0 travers la Manche. Voir la video originale Le Club A\u00e9ro des Garrigues a particip\u00e9 \u00e0 de [&hellip;]<\/p>\n","protected":false},"author":1,"featured_media":0,"parent":0,"menu_order":0,"comment_status":"closed","ping_status":"closed","template":"","meta":{"_acf_changed":false,"site-sidebar-layout":"no-sidebar","site-content-layout":"page-builder","ast-site-content-layout":"full-width-container","site-content-style":"unboxed","site-sidebar-style":"unboxed","ast-global-header-display":"disabled","ast-banner-title-visibility":"disabled","ast-main-header-display":"","ast-hfb-above-header-display":"","ast-hfb-below-header-display":"","ast-hfb-mobile-header-display":"","site-post-title":"disabled","ast-breadcrumbs-content":"","ast-featured-img":"disabled","footer-sml-layout":"disabled","ast-disable-related-posts":"","theme-transparent-header-meta":"","adv-header-id-meta":"","stick-header-meta":"","header-above-stick-meta":"","header-main-stick-meta":"","header-below-stick-meta":"","astra-migrate-meta-layouts":"set","ast-page-background-enabled":"default","ast-page-background-meta":{"desktop":{"background-color":"var(--ast-global-color-4)","background-image":"","background-repeat":"repeat","background-position":"center center","background-size":"auto","background-attachment":"scroll","background-type":"","background-media":"","overlay-type":"","overlay-color":"","overlay-opacity":"","overlay-gradient":""},"tablet":{"background-color":"","background-image":"","background-repeat":"repeat","background-position":"center center","background-size":"auto","background-attachment":"scroll","background-type":"","background-media":"","overlay-type":"","overlay-color":"","overlay-opacity":"","overlay-gradient":""},"mobile":{"background-color":"","background-image":"","background-repeat":"repeat","background-position":"center center","background-size":"auto","background-attachment":"scroll","background-type":"","background-media":"","overlay-type":"","overlay-color":"","overlay-opacity":"","overlay-gradient":""}},"ast-content-background-meta":{"desktop":{"background-color":"var(--ast-global-color-5)","background-image":"","background-repeat":"repeat","background-position":"center center","background-size":"auto","background-attachment":"scroll","background-type":"","background-media":"","overlay-type":"","overlay-color":"","overlay-opacity":"","overlay-gradient":""},"tablet":{"background-color":"var(--ast-global-color-5)","background-image":"","background-repeat":"repeat","background-position":"center center","background-size":"auto","background-attachment":"scroll","background-type":"","background-media":"","overlay-type":"","overlay-color":"","overlay-opacity":"","overlay-gradient":""},"mobile":{"background-color":"var(--ast-global-color-5)","background-image":"","background-repeat":"repeat","background-position":"center center","background-size":"auto","background-attachment":"scroll","background-type":"","background-media":"","overlay-type":"","overlay-color":"","overlay-opacity":"","overlay-gradient":""}},"footnotes":""},"class_list":["post-25","page","type-page","status-publish","hentry"],"acf":[],"_links":{"self":[{"href":"https:\/\/clubaerodesgarrigues.com\/index.php\/wp-json\/wp\/v2\/pages\/25","targetHints":{"allow":["GET"]}}],"collection":[{"href":"https:\/\/clubaerodesgarrigues.com\/index.php\/wp-json\/wp\/v2\/pages"}],"about":[{"href":"https:\/\/clubaerodesgarrigues.com\/index.php\/wp-json\/wp\/v2\/types\/page"}],"author":[{"embeddable":true,"href":"https:\/\/clubaerodesgarrigues.com\/index.php\/wp-json\/wp\/v2\/users\/1"}],"replies":[{"embeddable":true,"href":"https:\/\/clubaerodesgarrigues.com\/index.php\/wp-json\/wp\/v2\/comments?post=25"}],"version-history":[{"count":34,"href":"https:\/\/clubaerodesgarrigues.com\/index.php\/wp-json\/wp\/v2\/pages\/25\/revisions"}],"predecessor-version":[{"id":493,"href":"https:\/\/clubaerodesgarrigues.com\/index.php\/wp-json\/wp\/v2\/pages\/25\/revisions\/493"}],"wp:attachment":[{"href":"https:\/\/clubaerodesgarrigues.com\/index.php\/wp-json\/wp\/v2\/media?parent=25"}],"curies":[{"name":"wp","href":"https:\/\/api.w.org\/{rel}","templated":true}]}}